{"id":1103,"date":"2021-02-23T12:41:53","date_gmt":"2021-02-23T12:41:53","guid":{"rendered":"http:\/\/www.bibliotekaskierbieszow.pl\/?page_id=1103"},"modified":"2025-05-20T07:29:49","modified_gmt":"2025-05-20T07:29:49","slug":"rodo","status":"publish","type":"page","link":"https:\/\/www.bibliotekaskierbieszow.pl\/index.php\/rodo\/","title":{"rendered":"RODO"},"content":{"rendered":"\n<p><strong>INSPEKTOR OCHRONY DANYCH OSOBOWYCH<\/strong><\/p>\n\n\n\n<p>Katarzyna Jakubiec e-mail: inspektor@cbi24.pl<\/p>\n\n\n\n<p><\/p>\n\n\n\n<p><strong>KLAUZULA INFORMACYJNA<\/strong><\/p>\n\n\n\n<p>Na podstawie art. 13 ust. 1 i 2 Rozporz\u0105dzenia Parlamentu Europejskiego i Rady (UE) 2016\/679 z 27 kwietnia 2016 r. w sprawie ochrony os\u00f3b fizycznych w zwi\u0105zku z przetwarzaniem danych osobowych i w sprawie swobodnego przep\u0142ywu takich danych oraz uchylenia dyrektywy 95\/46\/WE (tj. Dz.U.UE. L. z 2016r. Nr 119, s.1; \u201edalej jako RODO\u201d informuj\u0119, \u017ce:<\/p>\n\n\n\n<p><strong>1)<\/strong>&nbsp;Administratorem Pa\u0144stwa danych jest<strong>&nbsp;Gminna Biblioteka Publiczna w Skierbieszowie (ul. Zamojska 8, 22-420 Skierbiesz\u00f3w; adres e-mail:&nbsp;<\/strong><a href=\"mailto:gbpskierbieszow@op.pl\">gbpskierbieszow@op.pl<\/a>).<\/p>\n\n\n\n<p><strong>2)<\/strong>&nbsp; Administrator wyznaczy\u0142 Inspektora Ochrony Danych, z kt\u00f3rym mog\u0105 si\u0119 Pa\u0144stwo kontaktowa\u0107 we wszystkich sprawach dotycz\u0105cych przetwarzania danych osobowych za po\u015brednictwem adresu email: inspektor@cbi24.pl lub pisemnie na adres Administratora.<br><strong>3)<\/strong>&nbsp; Pa\u0144stwa dane osobowe b\u0119d\u0105 przetwarzane w celu rejestracji jako czytelnika biblioteki, \u015bwiadczenia us\u0142ugi dost\u0119pu do zasob\u00f3w i ich wypo\u017cyczania.<br><strong>4)<\/strong>&nbsp; W zwi\u0105zku z powy\u017cszym podstaw\u0105 prawn\u0105 przetwarzania jest art. 6 ust. 1 lit. c RODO w zwi\u0105zku z Ustaw\u0105 z dnia 27 czerwca 1997r. o bibliotekach &nbsp;(obs\u0142uga u\u017cytkownik\u00f3w, w tym udost\u0119pnianie zbior\u00f3w bibliotecznych oraz prowadzenie dzia\u0142alno\u015bci informacyjnej) i Ustaw\u0105 z dnia 29 czerwca 1995 r. o statystyce publicznej (realizacja obowi\u0105zk\u00f3w z zakresu prowadzenia statystyki) oraz na podstawie Pani\/Pana zgody (art. 6 ust. 1 lit.a RODO) w zakresie danych kontaktowych.<br><strong>5)<\/strong>&nbsp; Pa\u0144stwa dane b\u0119d\u0105 przetwarzane przez okres 5 lat od zako\u0144czenia aktywno\u015bci czytelnika. W przypadku wyra\u017conej zgody na przetwarzanie danych osobowych innych ni\u017c wynikaj\u0105ce z przepis\u00f3w prawa, Pani\/Pana dane b\u0119d\u0105 przetwarzane do momentu jej wycofania.<br><strong>6 )<\/strong>&nbsp; Pani\/Pana dane osobowe nie b\u0119d\u0105 podlega\u0142y zautomatyzowanemu podejmowaniu decyzji, w tym o profilowaniu.<br><strong>7)<\/strong>&nbsp; Pa\u0144stwa dane osobowe nie b\u0119d\u0105 przekazywane poza Europejski Obszar Gospodarczy (obejmuj\u0105cy Uni\u0119 Europejsk\u0105, Norwegi\u0119, Liechtenstein i Islandi\u0119).<br><strong>8)<\/strong>&nbsp; W zwi\u0105zku z przetwarzaniem Pa\u0144stwa danych osobowych, przys\u0142uguj\u0105 Pa\u0144stwa nast\u0119puj\u0105ce prawa:<\/p>\n\n\n\n<p>a)\u00a0 prawo dost\u0119pu do swoich danych oraz otrzymania ich kopii;<br>b)\u00a0 prawo do sprostowania (poprawiania) swoich danych osobowych;<br>c)\u00a0 prawo do ograniczenia przetwarzania danych osobowych;<br>d)\u00a0 prawo wniesienia skargi do Prezesa Urz\u0119du Ochrony Danych Osobowych , w\u00a0sytuacji, gdy uzna Pani\/Pan, \u017ce przetwarzanie danych osobowych narusza przepisy og\u00f3lnego rozporz\u0105dzenia o ochronie danych (RODO).<br>e)\u00a0 w przypadku gdy przetwarzanie odbywa si\u0119 na podstawie wyra\u017conej zgody (art. 6 ust. 1 lit. a RODO) \u2013 prawo do cofni\u0119cia zgody w dowolnym momencie bez wp\u0142ywu na zgodno\u015b\u0107 z prawem przetwarzania, kt\u00f3rego dokonano na podstawie zgody przed jej cofni\u0119ciem;<\/p>\n\n\n\n<p><strong>9)&nbsp;<\/strong>&nbsp;Podanie przez Pa\u0144stwa danych w zwi\u0105zku z ci\u0105\u017c\u0105cym na Administratorze obowi\u0105zkiem prawnym jest obowi\u0105zkowe, a ich nieprzekazanie skutkowa\u0107 b\u0119dzie odmow\u0105 rejestracji jako czytelnika. Nieprzekazanie danych udost\u0119pnianych dobrowolnie pozostaje bez wp\u0142ywu na rozpoznanie sprawy.<br><strong>10)<\/strong>&nbsp; Pa\u0144stwa dane mog\u0105 zosta\u0107 przekazane dostawcy elektronicznego systemu bibliotecznego, a ponadto ujawnione upowa\u017cnionym przez Administratora osobom, a tak\u017ce innym odbiorcom wy\u0142\u0105cznie na podstawie przepis\u00f3w prawa<\/p>\n\n\n\n<p><\/p>\n\n\n\n<p><strong>KLAUZULA INFORMACYJNA \u2013 PRZES\u0141ANKA UMOWY<\/strong><\/p>\n\n\n\n<p>Na podstawie art. 13 Rozporz\u0105dzenia Parlamentu Europejskiego i Rady (UE) 2016\/679 z dnia 27 kwietnia 2016 r. w sprawie ochrony os\u00f3b fizycznych w zwi\u0105zku z przetwarzaniem danych osobowych i w sprawie swobodnego przep\u0142ywu takich danych oraz uchylenia dyrektywy 95\/46\/WE (og\u00f3lne rozporz\u0105dzenie o ochronie danych), publ. Dz. Urz. UE L Nr 119, s. 1 informujemy, i\u017c: 1. 1) Administratorem Pani\/Pana danych osobowych jest Gminna Biblioteka Publiczna w Skierbieszowie (adres Zamojska 8, 22-420 Skierbiesz\u00f3w telefon kontaktowy: 666 026 240). 2) W sprawach z zakresu ochrony danych osobowych mog\u0105 Pa\u0144stwo kontaktowa\u0107 si\u0119 z Inspektorem Ochrony Danych pod adresem e-mail: inspektor@cbi24.pl. 3) Dane osobowe b\u0119d\u0105 przetwarzane w celu realizacji umowy cywilnoprawnej. 4) Dane osobowe b\u0119d\u0105 przetwarzane przez okres niezb\u0119dny do realizacji ww. celu z uwzgl\u0119dnieniem okres\u00f3w przechowywania okre\u015blonych w przepisach odr\u0119bnych, w tym przepis\u00f3w archiwalnych. 5) Podstaw\u0105 prawn\u0105 przetwarzania danych jest art. 6 ust. 1 lit. b) ww. rozporz\u0105dzenia. 6) Odbiorcami Pani\/Pana danych b\u0119d\u0105 podmioty, kt\u00f3re na podstawie zawartych um\u00f3w przetwarzaj\u0105 dane osobowe w imieniu Administratora. Osoba, kt\u00f3rej dane dotycz\u0105 ma prawo do: -dost\u0119pu do tre\u015bci swoich danych oraz mo\u017cliwo\u015bci ich poprawiania, sprostowania, ograniczenia przetwarzania oraz do przenoszenia swoich danych, a tak\u017ce \u2013 w przypadkach przewidzianych prawem \u2013 prawo do usuni\u0119cia danych i prawo do wniesienia sprzeciwu wobec przetwarzania Pa\u0144stwa danych. \u2013 wniesienia skargi do organu nadzorczego w przypadku gdy przetwarzanie danych odbywa si\u0119 z naruszeniem przepis\u00f3w powy\u017cszego rozporz\u0105dzenia tj. Prezesa Ochrony Danych Osobowych.  Podanie danych osobowych jest warunkiem zawarcia umowy cywilnoprawnej. Osoba, kt\u00f3rej dane dotycz\u0105 jest zobowi\u0105zana do ich podania. Konsekwencj\u0105 niepodania danych osobowych jest brak mo\u017cliwo\u015bci zawarcia umowy. Ponadto informujemy, i\u017c w zwi\u0105zku z przetwarzaniem Pani\/Pana danych osobowych nie podlega Pan\/Pani decyzjom, kt\u00f3re si\u0119 opieraj\u0105 wy\u0142\u0105cznie na zautomatyzowanym przetwarzaniu, w tym profilowaniu, o czym stanowi art. 22 og\u00f3lnego rozporz\u0105dzenia o ochronie danych osobowych.<\/p>\n<div class=\"pvc_clear\"><\/div><p id=\"pvc_stats_1103\" class=\"pvc_stats total_only  \" data-element-id=\"1103\" style=\"\"><i class=\"pvc-stats-icon medium\" aria-hidden=\"true\"><svg aria-hidden=\"true\" focusable=\"false\" data-prefix=\"far\" data-icon=\"chart-bar\" role=\"img\" xmlns=\"http:\/\/www.w3.org\/2000\/svg\" viewBox=\"0 0 512 512\" class=\"svg-inline--fa fa-chart-bar fa-w-16 fa-2x\"><path fill=\"currentColor\" d=\"M396.8 352h22.4c6.4 0 12.8-6.4 12.8-12.8V108.8c0-6.4-6.4-12.8-12.8-12.8h-22.4c-6.4 0-12.8 6.4-12.8 12.8v230.4c0 6.4 6.4 12.8 12.8 12.8zm-192 0h22.4c6.4 0 12.8-6.4 12.8-12.8V140.8c0-6.4-6.4-12.8-12.8-12.8h-22.4c-6.4 0-12.8 6.4-12.8 12.8v198.4c0 6.4 6.4 12.8 12.8 12.8zm96 0h22.4c6.4 0 12.8-6.4 12.8-12.8V204.8c0-6.4-6.4-12.8-12.8-12.8h-22.4c-6.4 0-12.8 6.4-12.8 12.8v134.4c0 6.4 6.4 12.8 12.8 12.8zM496 400H48V80c0-8.84-7.16-16-16-16H16C7.16 64 0 71.16 0 80v336c0 17.67 14.33 32 32 32h464c8.84 0 16-7.16 16-16v-16c0-8.84-7.16-16-16-16zm-387.2-48h22.4c6.4 0 12.8-6.4 12.8-12.8v-70.4c0-6.4-6.4-12.8-12.8-12.8h-22.4c-6.4 0-12.8 6.4-12.8 12.8v70.4c0 6.4 6.4 12.8 12.8 12.8z\" class=\"\"><\/path><\/svg><\/i> <img loading=\"lazy\" decoding=\"async\" width=\"16\" height=\"16\" alt=\"Loading\" src=\"https:\/\/www.bibliotekaskierbieszow.pl\/wp-content\/plugins\/page-views-count\/ajax-loader-2x.gif\" border=0 \/><\/p><div class=\"pvc_clear\"><\/div>","protected":false},"excerpt":{"rendered":"<p>INSPEKTOR OCHRONY DANYCH OSOBOWYCH Katarzyna Jakubiec e-mail: inspektor@cbi24.pl KLAUZULA INFORMACYJNA Na podstawie art. 13 ust. 1 i 2 Rozporz\u0105dzenia Parlamentu Europejskiego i Rady (UE) 2016\/679 [&hellip;]<\/p>\n<div class=\"pvc_clear\"><\/div>\n<p id=\"pvc_stats_1103\" class=\"pvc_stats total_only  \" data-element-id=\"1103\" style=\"\"><i class=\"pvc-stats-icon medium\" aria-hidden=\"true\"><svg aria-hidden=\"true\" focusable=\"false\" data-prefix=\"far\" data-icon=\"chart-bar\" role=\"img\" xmlns=\"http:\/\/www.w3.org\/2000\/svg\" viewBox=\"0 0 512 512\" class=\"svg-inline--fa fa-chart-bar fa-w-16 fa-2x\"><path fill=\"currentColor\" d=\"M396.8 352h22.4c6.4 0 12.8-6.4 12.8-12.8V108.8c0-6.4-6.4-12.8-12.8-12.8h-22.4c-6.4 0-12.8 6.4-12.8 12.8v230.4c0 6.4 6.4 12.8 12.8 12.8zm-192 0h22.4c6.4 0 12.8-6.4 12.8-12.8V140.8c0-6.4-6.4-12.8-12.8-12.8h-22.4c-6.4 0-12.8 6.4-12.8 12.8v198.4c0 6.4 6.4 12.8 12.8 12.8zm96 0h22.4c6.4 0 12.8-6.4 12.8-12.8V204.8c0-6.4-6.4-12.8-12.8-12.8h-22.4c-6.4 0-12.8 6.4-12.8 12.8v134.4c0 6.4 6.4 12.8 12.8 12.8zM496 400H48V80c0-8.84-7.16-16-16-16H16C7.16 64 0 71.16 0 80v336c0 17.67 14.33 32 32 32h464c8.84 0 16-7.16 16-16v-16c0-8.84-7.16-16-16-16zm-387.2-48h22.4c6.4 0 12.8-6.4 12.8-12.8v-70.4c0-6.4-6.4-12.8-12.8-12.8h-22.4c-6.4 0-12.8 6.4-12.8 12.8v70.4c0 6.4 6.4 12.8 12.8 12.8z\" class=\"\"><\/path><\/svg><\/i> <img loading=\"lazy\" decoding=\"async\" width=\"16\" height=\"16\" alt=\"Loading\" src=\"https:\/\/www.bibliotekaskierbieszow.pl\/wp-content\/plugins\/page-views-count\/ajax-loader-2x.gif\" border=0 \/><\/p>\n<div class=\"pvc_clear\"><\/div>\n","protected":false},"author":2,"featured_media":0,"parent":0,"menu_order":0,"comment_status":"closed","ping_status":"closed","template":"","meta":{"footnotes":""},"class_list":["post-1103","page","type-page","status-publish","hentry"],"_links":{"self":[{"href":"https:\/\/www.bibliotekaskierbieszow.pl\/index.php\/wp-json\/wp\/v2\/pages\/1103","targetHints":{"allow":["GET"]}}],"collection":[{"href":"https:\/\/www.bibliotekaskierbieszow.pl\/index.php\/wp-json\/wp\/v2\/pages"}],"about":[{"href":"https:\/\/www.bibliotekaskierbieszow.pl\/index.php\/wp-json\/wp\/v2\/types\/page"}],"author":[{"embeddable":true,"href":"https:\/\/www.bibliotekaskierbieszow.pl\/index.php\/wp-json\/wp\/v2\/users\/2"}],"replies":[{"embeddable":true,"href":"https:\/\/www.bibliotekaskierbieszow.pl\/index.php\/wp-json\/wp\/v2\/comments?post=1103"}],"version-history":[{"count":3,"href":"https:\/\/www.bibliotekaskierbieszow.pl\/index.php\/wp-json\/wp\/v2\/pages\/1103\/revisions"}],"predecessor-version":[{"id":2896,"href":"https:\/\/www.bibliotekaskierbieszow.pl\/index.php\/wp-json\/wp\/v2\/pages\/1103\/revisions\/2896"}],"wp:attachment":[{"href":"https:\/\/www.bibliotekaskierbieszow.pl\/index.php\/wp-json\/wp\/v2\/media?parent=1103"}],"curies":[{"name":"wp","href":"https:\/\/api.w.org\/{rel}","templated":true}]}}